{"id":18,"date":"2025-02-12T23:26:47","date_gmt":"2025-02-12T23:26:47","guid":{"rendered":"https:\/\/easy-house.net\/lux\/?page_id=18"},"modified":"2025-02-21T08:49:02","modified_gmt":"2025-02-21T08:49:02","slug":"contact","status":"publish","type":"page","link":"https:\/\/easy-house.net\/lux\/contact\/","title":{"rendered":"Contact"},"content":{"rendered":"\t\t<div data-elementor-type=\"wp-page\" data-elementor-id=\"18\" class=\"elementor elementor-18\" data-elementor-post-type=\"page\">\n\t\t\t\t<div class=\"elementor-element elementor-element-7d6ddff5 e-con-full elementor-hidden-mobile e-flex e-con e-parent\" data-id=\"7d6ddff5\" data-element_type=\"container\" data-settings=\"{&quot;background_background&quot;:&quot;classic&quot;}\">\n\t\t\t\t<\/div>\n\t\t<div class=\"elementor-element elementor-element-96e1bb5 e-flex e-con-boxed e-con e-parent\" data-id=\"96e1bb5\" data-element_type=\"container\">\n\t\t\t\t\t<div class=\"e-con-inner\">\n\t\t<div class=\"elementor-element elementor-element-cebfeb2 e-con-full e-flex e-con e-child\" data-id=\"cebfeb2\" data-element_type=\"container\">\n\t\t\t\t<div class=\"elementor-element elementor-element-37d7b38 elementor-widget elementor-widget-image\" data-id=\"37d7b38\" data-element_type=\"widget\" data-widget_type=\"image.default\">\n\t\t\t\t<div class=\"elementor-widget-container\">\n\t\t\t\t\t\t\t\t\t\t\t\t\t\t\t<img fetchpriority=\"high\" decoding=\"async\" width=\"525\" height=\"338\" src=\"https:\/\/easy-house.net\/lux\/wp-content\/uploads\/2025\/02\/WhatsApp-Image-2025-02-19-at-18.41.10.jpeg\" class=\"attachment-large size-large wp-image-246\" alt=\"\" srcset=\"https:\/\/easy-house.net\/lux\/wp-content\/uploads\/2025\/02\/WhatsApp-Image-2025-02-19-at-18.41.10.jpeg 960w, https:\/\/easy-house.net\/lux\/wp-content\/uploads\/2025\/02\/WhatsApp-Image-2025-02-19-at-18.41.10-300x193.jpeg 300w, https:\/\/easy-house.net\/lux\/wp-content\/uploads\/2025\/02\/WhatsApp-Image-2025-02-19-at-18.41.10-768x494.jpeg 768w\" sizes=\"(max-width: 525px) 100vw, 525px\" \/>\t\t\t\t\t\t\t\t\t\t\t\t\t\t\t<\/div>\n\t\t\t\t<\/div>\n\t\t\t\t<\/div>\n\t\t<div class=\"elementor-element elementor-element-eafeed6 e-con-full e-flex e-con e-child\" data-id=\"eafeed6\" data-element_type=\"container\">\n\t\t\t\t<div class=\"elementor-element elementor-element-6f2bbee elementor-widget elementor-widget-heading\" data-id=\"6f2bbee\" data-element_type=\"widget\" data-widget_type=\"heading.default\">\n\t\t\t\t<div class=\"elementor-widget-container\">\n\t\t\t\t\t<h1 class=\"elementor-heading-title elementor-size-default\">Pour toute information, question ou demande de devis, contactez-nous \nau +352 691774851 ou au \n+32 493302148.\n Notre \u00e9quipe est \u00e0 votre disposition pour vous offrir toute l'assistance n\u00e9cessaire <\/h1>\t\t\t\t<\/div>\n\t\t\t\t<\/div>\n\t\t\t\t<\/div>\n\t\t\t\t\t<\/div>\n\t\t\t\t<\/div>\n\t\t<div class=\"elementor-element elementor-element-7291839 e-flex e-con-boxed e-con e-parent\" data-id=\"7291839\" data-element_type=\"container\">\n\t\t\t\t\t<div class=\"e-con-inner\">\n\t\t\t\t<div class=\"elementor-element elementor-element-0d5725e elementor-button-align-stretch elementor-widget elementor-widget-form\" data-id=\"0d5725e\" data-element_type=\"widget\" data-settings=\"{&quot;step_next_label&quot;:&quot;Suivant&quot;,&quot;step_previous_label&quot;:&quot;Pr\\u00e9c\\u00e9dent&quot;,&quot;button_width&quot;:&quot;100&quot;,&quot;step_type&quot;:&quot;number_text&quot;,&quot;step_icon_shape&quot;:&quot;circle&quot;}\" data-widget_type=\"form.default\">\n\t\t\t\t<div class=\"elementor-widget-container\">\n\t\t\t\t\t\t\t<form class=\"elementor-form\" method=\"post\" name=\"Nouveau formulaire\">\n\t\t\t<input type=\"hidden\" name=\"post_id\" value=\"18\"\/>\n\t\t\t<input type=\"hidden\" name=\"form_id\" value=\"0d5725e\"\/>\n\t\t\t<input type=\"hidden\" name=\"referer_title\" value=\"Contact -\" \/>\n\n\t\t\t\t\t\t\t<input type=\"hidden\" name=\"queried_id\" value=\"18\"\/>\n\t\t\t\n\t\t\t<div class=\"elementor-form-fields-wrapper elementor-labels-above\">\n\t\t\t\t\t\t\t\t<div class=\"elementor-field-type-text elementor-field-group elementor-column elementor-field-group-name elementor-col-100\">\n\t\t\t\t\t\t\t\t\t\t\t\t<label for=\"form-field-name\" class=\"elementor-field-label\">\n\t\t\t\t\t\t\t\tNom\t\t\t\t\t\t\t<\/label>\n\t\t\t\t\t\t\t\t\t\t\t\t\t\t<input size=\"1\" type=\"text\" name=\"form_fields[name]\" id=\"form-field-name\" class=\"elementor-field elementor-size-sm  elementor-field-textual\" placeholder=\"Nom\">\n\t\t\t\t\t\t\t\t\t\t\t<\/div>\n\t\t\t\t\t\t\t\t<div class=\"elementor-field-type-email elementor-field-group elementor-column elementor-field-group-email elementor-col-100 elementor-field-required\">\n\t\t\t\t\t\t\t\t\t\t\t\t<label for=\"form-field-email\" class=\"elementor-field-label\">\n\t\t\t\t\t\t\t\tE-mail\t\t\t\t\t\t\t<\/label>\n\t\t\t\t\t\t\t\t\t\t\t\t\t\t<input size=\"1\" type=\"email\" name=\"form_fields[email]\" id=\"form-field-email\" class=\"elementor-field elementor-size-sm  elementor-field-textual\" placeholder=\"E-mail\" required=\"required\">\n\t\t\t\t\t\t\t\t\t\t\t<\/div>\n\t\t\t\t\t\t\t\t<div class=\"elementor-field-type-textarea elementor-field-group elementor-column elementor-field-group-message elementor-col-100\">\n\t\t\t\t\t\t\t\t\t\t\t\t<label for=\"form-field-message\" class=\"elementor-field-label\">\n\t\t\t\t\t\t\t\tMessage\t\t\t\t\t\t\t<\/label>\n\t\t\t\t\t\t<textarea class=\"elementor-field-textual elementor-field  elementor-size-sm\" name=\"form_fields[message]\" id=\"form-field-message\" rows=\"4\" placeholder=\"Message\"><\/textarea>\t\t\t\t<\/div>\n\t\t\t\t\t\t\t\t<div class=\"elementor-field-group elementor-column elementor-field-type-submit elementor-col-100 e-form__buttons\">\n\t\t\t\t\t<button class=\"elementor-button elementor-size-sm\" type=\"submit\">\n\t\t\t\t\t\t<span class=\"elementor-button-content-wrapper\">\n\t\t\t\t\t\t\t\t\t\t\t\t\t\t\t\t\t\t\t\t\t\t<span class=\"elementor-button-text\">Envoyer<\/span>\n\t\t\t\t\t\t\t\t\t\t\t\t\t<\/span>\n\t\t\t\t\t<\/button>\n\t\t\t\t<\/div>\n\t\t\t<\/div>\n\t\t<\/form>\n\t\t\t\t\t\t<\/div>\n\t\t\t\t<\/div>\n\t\t\t\t\t<\/div>\n\t\t\t\t<\/div>\n\t\t\t\t<\/div>\n\t\t","protected":false},"excerpt":{"rendered":"<p>Pour toute information, question ou demande de devis, contactez-nous au +352 691774851 ou au +32 493302148. Notre \u00e9quipe est \u00e0 votre disposition pour vous offrir toute l&rsquo;assistance n\u00e9cessaire<\/p>\n","protected":false},"author":1,"featured_media":0,"parent":0,"menu_order":0,"comment_status":"closed","ping_status":"closed","template":"elementor_header_footer","meta":{"_acf_changed":false,"pagelayer_contact_templates":[],"_pagelayer_content":"","footnotes":""},"class_list":["post-18","page","type-page","status-publish","hentry"],"acf":[],"yoast_head":"<!-- This site is optimized with the Yoast SEO plugin v24.9 - https:\/\/yoast.com\/wordpress\/plugins\/seo\/ -->\n<title>Contact -<\/title>\n<meta name=\"robots\" content=\"index, follow, max-snippet:-1, max-image-preview:large, max-video-preview:-1\" \/>\n<link rel=\"canonical\" href=\"https:\/\/easy-house.net\/lux\/contact\/\" \/>\n<meta property=\"og:locale\" content=\"fr_FR\" \/>\n<meta property=\"og:type\" content=\"article\" \/>\n<meta property=\"og:title\" content=\"Contact -\" \/>\n<meta property=\"og:description\" content=\"Pour toute information, question ou demande de devis, contactez-nous au +352 691774851 ou au +32 493302148. Notre \u00e9quipe est \u00e0 votre disposition pour vous offrir toute l&rsquo;assistance n\u00e9cessaire\" \/>\n<meta property=\"og:url\" content=\"https:\/\/easy-house.net\/lux\/contact\/\" \/>\n<meta property=\"article:modified_time\" content=\"2025-02-21T08:49:02+00:00\" \/>\n<meta property=\"og:image\" content=\"https:\/\/easy-house.net\/lux\/wp-content\/uploads\/2025\/02\/WhatsApp-Image-2025-02-19-at-18.41.10.jpeg\" \/>\n<meta name=\"twitter:card\" content=\"summary_large_image\" \/>\n<meta name=\"twitter:label1\" content=\"Dur\u00e9e de lecture estim\u00e9e\" \/>\n\t<meta name=\"twitter:data1\" content=\"1 minute\" \/>\n<script type=\"application\/ld+json\" class=\"yoast-schema-graph\">{\"@context\":\"https:\/\/schema.org\",\"@graph\":[{\"@type\":\"WebPage\",\"@id\":\"https:\/\/easy-house.net\/lux\/contact\/\",\"url\":\"https:\/\/easy-house.net\/lux\/contact\/\",\"name\":\"Contact -\",\"isPartOf\":{\"@id\":\"https:\/\/easy-house.net\/lux\/#website\"},\"primaryImageOfPage\":{\"@id\":\"https:\/\/easy-house.net\/lux\/contact\/#primaryimage\"},\"image\":{\"@id\":\"https:\/\/easy-house.net\/lux\/contact\/#primaryimage\"},\"thumbnailUrl\":\"https:\/\/easy-house.net\/lux\/wp-content\/uploads\/2025\/02\/WhatsApp-Image-2025-02-19-at-18.41.10.jpeg\",\"datePublished\":\"2025-02-12T23:26:47+00:00\",\"dateModified\":\"2025-02-21T08:49:02+00:00\",\"breadcrumb\":{\"@id\":\"https:\/\/easy-house.net\/lux\/contact\/#breadcrumb\"},\"inLanguage\":\"fr-FR\",\"potentialAction\":[{\"@type\":\"ReadAction\",\"target\":[\"https:\/\/easy-house.net\/lux\/contact\/\"]}]},{\"@type\":\"ImageObject\",\"inLanguage\":\"fr-FR\",\"@id\":\"https:\/\/easy-house.net\/lux\/contact\/#primaryimage\",\"url\":\"https:\/\/easy-house.net\/lux\/wp-content\/uploads\/2025\/02\/WhatsApp-Image-2025-02-19-at-18.41.10.jpeg\",\"contentUrl\":\"https:\/\/easy-house.net\/lux\/wp-content\/uploads\/2025\/02\/WhatsApp-Image-2025-02-19-at-18.41.10.jpeg\",\"width\":960,\"height\":618},{\"@type\":\"BreadcrumbList\",\"@id\":\"https:\/\/easy-house.net\/lux\/contact\/#breadcrumb\",\"itemListElement\":[{\"@type\":\"ListItem\",\"position\":1,\"name\":\"Accueil\",\"item\":\"https:\/\/easy-house.net\/lux\/\"},{\"@type\":\"ListItem\",\"position\":2,\"name\":\"Contact\"}]},{\"@type\":\"WebSite\",\"@id\":\"https:\/\/easy-house.net\/lux\/#website\",\"url\":\"https:\/\/easy-house.net\/lux\/\",\"name\":\"\",\"description\":\"\",\"potentialAction\":[{\"@type\":\"SearchAction\",\"target\":{\"@type\":\"EntryPoint\",\"urlTemplate\":\"https:\/\/easy-house.net\/lux\/?s={search_term_string}\"},\"query-input\":{\"@type\":\"PropertyValueSpecification\",\"valueRequired\":true,\"valueName\":\"search_term_string\"}}],\"inLanguage\":\"fr-FR\"}]}<\/script>\n<!-- \/ Yoast SEO plugin. -->","yoast_head_json":{"title":"Contact -","robots":{"index":"index","follow":"follow","max-snippet":"max-snippet:-1","max-image-preview":"max-image-preview:large","max-video-preview":"max-video-preview:-1"},"canonical":"https:\/\/easy-house.net\/lux\/contact\/","og_locale":"fr_FR","og_type":"article","og_title":"Contact -","og_description":"Pour toute information, question ou demande de devis, contactez-nous au +352 691774851 ou au +32 493302148. Notre \u00e9quipe est \u00e0 votre disposition pour vous offrir toute l&rsquo;assistance n\u00e9cessaire","og_url":"https:\/\/easy-house.net\/lux\/contact\/","article_modified_time":"2025-02-21T08:49:02+00:00","og_image":[{"url":"https:\/\/easy-house.net\/lux\/wp-content\/uploads\/2025\/02\/WhatsApp-Image-2025-02-19-at-18.41.10.jpeg","type":"","width":"","height":""}],"twitter_card":"summary_large_image","twitter_misc":{"Dur\u00e9e de lecture estim\u00e9e":"1 minute"},"schema":{"@context":"https:\/\/schema.org","@graph":[{"@type":"WebPage","@id":"https:\/\/easy-house.net\/lux\/contact\/","url":"https:\/\/easy-house.net\/lux\/contact\/","name":"Contact -","isPartOf":{"@id":"https:\/\/easy-house.net\/lux\/#website"},"primaryImageOfPage":{"@id":"https:\/\/easy-house.net\/lux\/contact\/#primaryimage"},"image":{"@id":"https:\/\/easy-house.net\/lux\/contact\/#primaryimage"},"thumbnailUrl":"https:\/\/easy-house.net\/lux\/wp-content\/uploads\/2025\/02\/WhatsApp-Image-2025-02-19-at-18.41.10.jpeg","datePublished":"2025-02-12T23:26:47+00:00","dateModified":"2025-02-21T08:49:02+00:00","breadcrumb":{"@id":"https:\/\/easy-house.net\/lux\/contact\/#breadcrumb"},"inLanguage":"fr-FR","potentialAction":[{"@type":"ReadAction","target":["https:\/\/easy-house.net\/lux\/contact\/"]}]},{"@type":"ImageObject","inLanguage":"fr-FR","@id":"https:\/\/easy-house.net\/lux\/contact\/#primaryimage","url":"https:\/\/easy-house.net\/lux\/wp-content\/uploads\/2025\/02\/WhatsApp-Image-2025-02-19-at-18.41.10.jpeg","contentUrl":"https:\/\/easy-house.net\/lux\/wp-content\/uploads\/2025\/02\/WhatsApp-Image-2025-02-19-at-18.41.10.jpeg","width":960,"height":618},{"@type":"BreadcrumbList","@id":"https:\/\/easy-house.net\/lux\/contact\/#breadcrumb","itemListElement":[{"@type":"ListItem","position":1,"name":"Accueil","item":"https:\/\/easy-house.net\/lux\/"},{"@type":"ListItem","position":2,"name":"Contact"}]},{"@type":"WebSite","@id":"https:\/\/easy-house.net\/lux\/#website","url":"https:\/\/easy-house.net\/lux\/","name":"","description":"","potentialAction":[{"@type":"SearchAction","target":{"@type":"EntryPoint","urlTemplate":"https:\/\/easy-house.net\/lux\/?s={search_term_string}"},"query-input":{"@type":"PropertyValueSpecification","valueRequired":true,"valueName":"search_term_string"}}],"inLanguage":"fr-FR"}]}},"_links":{"self":[{"href":"https:\/\/easy-house.net\/lux\/wp-json\/wp\/v2\/pages\/18","targetHints":{"allow":["GET"]}}],"collection":[{"href":"https:\/\/easy-house.net\/lux\/wp-json\/wp\/v2\/pages"}],"about":[{"href":"https:\/\/easy-house.net\/lux\/wp-json\/wp\/v2\/types\/page"}],"author":[{"embeddable":true,"href":"https:\/\/easy-house.net\/lux\/wp-json\/wp\/v2\/users\/1"}],"replies":[{"embeddable":true,"href":"https:\/\/easy-house.net\/lux\/wp-json\/wp\/v2\/comments?post=18"}],"version-history":[{"count":19,"href":"https:\/\/easy-house.net\/lux\/wp-json\/wp\/v2\/pages\/18\/revisions"}],"predecessor-version":[{"id":249,"href":"https:\/\/easy-house.net\/lux\/wp-json\/wp\/v2\/pages\/18\/revisions\/249"}],"wp:attachment":[{"href":"https:\/\/easy-house.net\/lux\/wp-json\/wp\/v2\/media?parent=18"}],"curies":[{"name":"wp","href":"https:\/\/api.w.org\/{rel}","templated":true}]}}